{"id":2272,"date":"2017-06-18T09:14:41","date_gmt":"2017-06-18T09:14:41","guid":{"rendered":"https:\/\/roibos.casa\/?page_id=72"},"modified":"2025-02-20T13:21:56","modified_gmt":"2025-02-20T11:21:56","slug":"casas-modernas-de-hormigon-eficientes","status":"publish","type":"page","link":"https:\/\/roibos.casa\/ca\/casas-modernas-de-hormigon-eficientes\/","title":{"rendered":"Cases"},"content":{"rendered":"<p><strong>A Roibos constru\u00efm casa teva per a que compleixi totes les teves necessitats.<\/strong><br \/>\nNo nom\u00e9s fem un projecte, el vivim. Amb aquesta implicaci\u00f3, podem garantir la teva satisfacci\u00f3. Hem replantejat cada aspecte de la construcci\u00f3 habitual. Hem definit una nova metodologia de treball Roibos.<\/p>\n<p>El nostre m\u00e8tode \u00e9s innovador, \u00e0gil, segur i eficient. Aix\u00f2 \u00e9s possible gr\u00e0cies a la construcci\u00f3 de cases amb murs de formig\u00f3. Aquest sistema, ens permet la m\u00e0xima personalitzaci\u00f3 de cada projecte en un temps molt ajustat. Per cada projecte dissenyem les peces a mida.<\/p>","protected":false},"excerpt":{"rendered":"A Roibos constru\u00efm casa teva per a que compleixi totes les teves necessitats. No nom\u00e9s fem un projecte, el vivim. Amb aquesta implicaci\u00f3, podem garantir la teva satisfacci\u00f3. Hem replantejat cada aspecte de la construcci\u00f3&#8230; <a class=\"view-article\" href=\"https:\/\/roibos.casa\/ca\/casas-modernas-de-hormigon-eficientes\/\">Veure article<\/a>","protected":false},"author":1,"featured_media":0,"parent":0,"menu_order":0,"comment_status":"closed","ping_status":"closed","template":"metodo.php","meta":{"_acf_changed":false,"footnotes":""},"class_list":["post-2272","page","type-page","status-publish","hentry"],"acf":[],"yoast_head":"<!-- This site is optimized with the Yoast SEO plugin v24.2 - https:\/\/yoast.com\/wordpress\/plugins\/seo\/ -->\n<title>M\u00e8tode Roibos. Cases modernes innovadores | Roibos<\/title>\n<meta name=\"description\" content=\"A Roibos tenim una nova metodologia per construi cases innovadores, de forma \u00e0gil, segures i eficients. Descobreix-la.\" \/>\n<meta name=\"robots\" content=\"index, follow, max-snippet:-1, max-image-preview:large, max-video-preview:-1\" \/>\n<link rel=\"canonical\" href=\"https:\/\/roibos.casa\/ca\/casas-modernas-de-hormigon-eficientes\/\" \/>\n<script type=\"application\/ld+json\" class=\"yoast-schema-graph\">{\"@context\":\"https:\/\/schema.org\",\"@graph\":[{\"@type\":\"WebPage\",\"@id\":\"https:\/\/roibos.casa\/ca\/casas-modernas-de-hormigon-eficientes\/\",\"url\":\"https:\/\/roibos.casa\/ca\/casas-modernas-de-hormigon-eficientes\/\",\"name\":\"M\u00e8tode Roibos. Cases modernes innovadores | Roibos\",\"isPartOf\":{\"@id\":\"https:\/\/roibos.casa\/ca\/#website\"},\"datePublished\":\"2017-06-18T09:14:41+00:00\",\"dateModified\":\"2025-02-20T11:21:56+00:00\",\"description\":\"A Roibos tenim una nova metodologia per construi cases innovadores, de forma \u00e0gil, segures i eficients. Descobreix-la.\",\"breadcrumb\":{\"@id\":\"https:\/\/roibos.casa\/ca\/casas-modernas-de-hormigon-eficientes\/#breadcrumb\"},\"inLanguage\":\"ca\",\"potentialAction\":[{\"@type\":\"ReadAction\",\"target\":[[\"https:\/\/roibos.casa\/ca\/casas-modernas-de-hormigon-eficientes\/\"]]}]},{\"@type\":\"BreadcrumbList\",\"@id\":\"https:\/\/roibos.casa\/ca\/casas-modernas-de-hormigon-eficientes\/#breadcrumb\",\"itemListElement\":[{\"@type\":\"ListItem\",\"position\":1,\"name\":\"Portada\",\"item\":\"https:\/\/roibos.casa\/ca\/\"},{\"@type\":\"ListItem\",\"position\":2,\"name\":\"Casas\"}]},{\"@type\":\"WebSite\",\"@id\":\"https:\/\/roibos.casa\/ca\/#website\",\"url\":\"https:\/\/roibos.casa\/ca\/\",\"name\":\"Roibos\",\"description\":\"Cases somiades\",\"publisher\":{\"@id\":\"https:\/\/roibos.casa\/ca\/#organization\"},\"potentialAction\":[{\"@type\":\"SearchAction\",\"target\":{\"@type\":\"EntryPoint\",\"urlTemplate\":\"https:\/\/roibos.casa\/ca\/?s={search_term_string}\"},\"query-input\":{\"@type\":\"PropertyValueSpecification\",\"valueRequired\":true,\"valueName\":\"search_term_string\"}}],\"inLanguage\":\"ca\"},{\"@type\":\"Organization\",\"@id\":\"https:\/\/roibos.casa\/ca\/#organization\",\"name\":\"Roibos\",\"url\":\"https:\/\/roibos.casa\/ca\/\",\"logo\":{\"@type\":\"ImageObject\",\"inLanguage\":\"ca\",\"@id\":\"https:\/\/roibos.casa\/ca\/#\/schema\/logo\/image\/\",\"url\":\"https:\/\/roibos.casa\/wp-content\/uploads\/2023\/06\/roibos.png\",\"contentUrl\":\"https:\/\/roibos.casa\/wp-content\/uploads\/2023\/06\/roibos.png\",\"width\":696,\"height\":696,\"caption\":\"Roibos\"},\"image\":{\"@id\":\"https:\/\/roibos.casa\/ca\/#\/schema\/logo\/image\/\"}}]}<\/script>\n<!-- \/ Yoast SEO plugin. -->","yoast_head_json":{"title":"M\u00e8tode Roibos. Cases modernes innovadores | Roibos","description":"A Roibos tenim una nova metodologia per construi cases innovadores, de forma \u00e0gil, segures i eficients. Descobreix-la.","robots":{"index":"index","follow":"follow","max-snippet":"max-snippet:-1","max-image-preview":"max-image-preview:large","max-video-preview":"max-video-preview:-1"},"canonical":"https:\/\/roibos.casa\/ca\/casas-modernas-de-hormigon-eficientes\/","schema":{"@context":"https:\/\/schema.org","@graph":[{"@type":"WebPage","@id":"https:\/\/roibos.casa\/ca\/casas-modernas-de-hormigon-eficientes\/","url":"https:\/\/roibos.casa\/ca\/casas-modernas-de-hormigon-eficientes\/","name":"M\u00e8tode Roibos. Cases modernes innovadores | Roibos","isPartOf":{"@id":"https:\/\/roibos.casa\/ca\/#website"},"datePublished":"2017-06-18T09:14:41+00:00","dateModified":"2025-02-20T11:21:56+00:00","description":"A Roibos tenim una nova metodologia per construi cases innovadores, de forma \u00e0gil, segures i eficients. Descobreix-la.","breadcrumb":{"@id":"https:\/\/roibos.casa\/ca\/casas-modernas-de-hormigon-eficientes\/#breadcrumb"},"inLanguage":"ca","potentialAction":[{"@type":"ReadAction","target":[["https:\/\/roibos.casa\/ca\/casas-modernas-de-hormigon-eficientes\/"]]}]},{"@type":"BreadcrumbList","@id":"https:\/\/roibos.casa\/ca\/casas-modernas-de-hormigon-eficientes\/#breadcrumb","itemListElement":[{"@type":"ListItem","position":1,"name":"Portada","item":"https:\/\/roibos.casa\/ca\/"},{"@type":"ListItem","position":2,"name":"Casas"}]},{"@type":"WebSite","@id":"https:\/\/roibos.casa\/ca\/#website","url":"https:\/\/roibos.casa\/ca\/","name":"Roibos","description":"Cases somiades","publisher":{"@id":"https:\/\/roibos.casa\/ca\/#organization"},"potentialAction":[{"@type":"SearchAction","target":{"@type":"EntryPoint","urlTemplate":"https:\/\/roibos.casa\/ca\/?s={search_term_string}"},"query-input":{"@type":"PropertyValueSpecification","valueRequired":true,"valueName":"search_term_string"}}],"inLanguage":"ca"},{"@type":"Organization","@id":"https:\/\/roibos.casa\/ca\/#organization","name":"Roibos","url":"https:\/\/roibos.casa\/ca\/","logo":{"@type":"ImageObject","inLanguage":"ca","@id":"https:\/\/roibos.casa\/ca\/#\/schema\/logo\/image\/","url":"https:\/\/roibos.casa\/wp-content\/uploads\/2023\/06\/roibos.png","contentUrl":"https:\/\/roibos.casa\/wp-content\/uploads\/2023\/06\/roibos.png","width":696,"height":696,"caption":"Roibos"},"image":{"@id":"https:\/\/roibos.casa\/ca\/#\/schema\/logo\/image\/"}}]}},"_links":{"self":[{"href":"https:\/\/roibos.casa\/ca\/wp-json\/wp\/v2\/pages\/2272","targetHints":{"allow":["GET"]}}],"collection":[{"href":"https:\/\/roibos.casa\/ca\/wp-json\/wp\/v2\/pages"}],"about":[{"href":"https:\/\/roibos.casa\/ca\/wp-json\/wp\/v2\/types\/page"}],"author":[{"embeddable":true,"href":"https:\/\/roibos.casa\/ca\/wp-json\/wp\/v2\/users\/1"}],"replies":[{"embeddable":true,"href":"https:\/\/roibos.casa\/ca\/wp-json\/wp\/v2\/comments?post=2272"}],"version-history":[{"count":0,"href":"https:\/\/roibos.casa\/ca\/wp-json\/wp\/v2\/pages\/2272\/revisions"}],"wp:attachment":[{"href":"https:\/\/roibos.casa\/ca\/wp-json\/wp\/v2\/media?parent=2272"}],"curies":[{"name":"wp","href":"https:\/\/api.w.org\/{rel}","templated":true}]}}