{"id":21,"date":"2017-05-24T16:48:34","date_gmt":"2017-05-24T16:48:34","guid":{"rendered":"https:\/\/roibos.casa\/?page_id=21"},"modified":"2025-02-21T15:24:29","modified_gmt":"2025-02-21T13:24:29","slug":"legal","status":"publish","type":"page","link":"https:\/\/roibos.casa\/ca\/legal\/","title":{"rendered":"Av\u00eds legal"},"content":{"rendered":"<p><\/p>\n<h3>Titular de la web<\/h3>\n<p>En compliment amb el deure informaci\u00f3 recollit a l&#8217;article 10 de la Llei 34\/2002, d&#8217;11 de juliol, de Serveis de la Societat de la Informaci\u00f3 i del Comer\u00e7 Electr\u00f2nic, a continuaci\u00f3 es reflecteixen les dades seg\u00fcents:<\/p>\n<p>Empresa titular d&#8217;aquesta web: ARKENGINT SL<br \/>\nC.I.F.:\u00a0B66941972<br \/>\nDomicili:\u00a0C\/ ROSSELL\u00d3 19, 5-4 , BARCELONA 08029<br \/>\nInscrita en el Registro Mercantil de Barcelona Tomo 498142, folio 181, hoja 45761<br \/>\nTel\u00e9fon:\u00a0938324298<br \/>\nCorreu electr\u00f2nic: <a href=\"mailto:admin@roibos.casa\">admin@roibos.casa<\/a><\/p>\n<h3>Objecte<\/h3>\n<p>El Responsable posa a disposici\u00f3 dels usuaris el present document amb qu\u00e8 pret\u00e9n donar compliment del que disposa la Llei 34\/2002, d&#8217;11 de juliol, de Serveis de la Societat de la Informaci\u00f3 i del Comer\u00e7 Electr\u00f2nic i les normatives vigents a mat\u00e8ria de Protecci\u00f3 de Dades, aix\u00ed com informar a tots els usuaris del lloc web respecte a quines s\u00f3n les condicions d&#8217;\u00fas del mateix.<\/p>\n<p>Tota persona que accedeixi a aquest lloc web assumeix el paper d&#8217;usuari, comprometent-se a l&#8217;observan\u00e7a i el compliment rigor\u00f3s de les disposicions aqu\u00ed disposades, aix\u00ed com a qualsevol altra disposici\u00f3 legal que sigui aplicable.<\/p>\n<p>El Responsable es reserva el dret a modificar qualsevol tipus d&#8217;informaci\u00f3 que pogu\u00e9s apar\u00e8ixer al lloc web, sense que hi hagi obligaci\u00f3 de preavisar o posar en coneixement dels usuaris aquestes obligacions, entenent-se com a suficient amb la publicaci\u00f3 al lloc web del Responsable.<\/p>\n<h3><strong>Responsabilitat<\/strong><\/h3>\n<p>El Responsable s&#8217;eximeix de qualsevol tipus de responsabilitat derivada de la informaci\u00f3 publicada al vostre lloc web, sempre que aquesta informaci\u00f3 hagi estat manipulada o introdu\u00efda per un tercer ali\u00e8 al mateix.<\/p>\n<h3><strong>Adreces IP <\/strong><\/h3>\n<p>Els servidors del lloc web podran detectar autom\u00e0ticament l&#8217;adre\u00e7a IP i el nom de domini utilitzats per l&#8217;usuari.<\/p>\n<p>Una adre\u00e7a IP \u00e9s un n\u00famero assignat autom\u00e0ticament a un ordinador quan aquest es connecta a Internet. Tota aquesta informaci\u00f3 \u00e9s registrada en un fitxer d&#8217;activitat del servidor, que permet el processament posterior de les dades per tal d&#8217;obtenir mesures \u00fanicament estad\u00edstiques que permetin con\u00e8ixer el nombre d&#8217;impressions de p\u00e0gines, el nombre de visites realitzades als servidors web, el ordre de visites, punt d&#8217;acc\u00e9s, etc.<\/p>\n<h3><strong>Pol\u00edtica d&#8217;enlla\u00e7os <\/strong><\/h3>\n<p>Des del present lloc web \u00e9s possible que es redirigeixi a continguts de tercers llocs web. At\u00e8s que El Responsable no pot controlar sempre els continguts introdu\u00efts pels tercers als seus llocs web, aquest no assumeix cap mena de responsabilitat respecte a aquests continguts. En tot cas, El Responsable manifesta que procedir\u00e0 a la retirada immediata de qualsevol contingut que pogu\u00e9s contravenir la legislaci\u00f3 nacional o internacional, la moral o l&#8217;ordre p\u00fablic, procedint a la retirada immediata de la redirecci\u00f3 a aquest lloc web, posant en coneixement de les autoritats competents el contingut en q\u00fcesti\u00f3.<\/p>\n<p>El Responsable no es fa responsable de la informaci\u00f3 i continguts emmagatzemats, a t\u00edtol enunciatiu per\u00f2 no limitatiu, en f\u00f2rums, xats, generadors de blocs, comentaris, xarxes socials o qualsevol altre mitj\u00e0 que permeti a tercers publicar continguts de forma independent a la p\u00e0gina web del Responsable. No obstant aix\u00f2 i en compliment del que disposa l&#8217;art. 11 i 16 de la LSSICE, El Responsable es posa a disposici\u00f3 de tots els usuaris, autoritats i forces de seguretat, col\u00b7laborant de forma activa en la retirada o si \u00e9s el cas bloqueig de tots aquells continguts que poguessin afectar o contravenir la legislaci\u00f3 nacional, o internacional, drets de tercers o la moral i l&#8217;ordre p\u00fablic. En cas que l&#8217;usuari consideri que hi ha al lloc web algun contingut que pogu\u00e9s ser susceptible d&#8217;aquesta classificaci\u00f3, es prega que ho notifiqui de manera immediata a l&#8217;administrador del lloc web.<\/p>\n<p>Aquest lloc web ha estat revisat i provat perqu\u00e8 funcioni correctament. En principi, es pot garantir el funcionament correcte els 365 dies de l&#8217;any, 24 hores al dia. Tot i aix\u00f2, El Responsable no descarta la possibilitat que hi hagi certs errors de programaci\u00f3, o que esdevinguin causes de for\u00e7a major, cat\u00e0strofes naturals, vagues, o circumst\u00e0ncies semblants que facin impossible l&#8217;acc\u00e9s a la p\u00e0gina web.<\/p>\n<h3><strong>Protecci\u00f3 de dades <\/strong><\/h3>\n<p>El Responsable es troba profundament comprom\u00e8s en el compliment del que disposa la normativa vigent en mat\u00e8ria de protecci\u00f3 de dades, i en el context del nou marc normatiu establert en virtut del que disposa el Reglament (UE) 2016\/679 del Parlament Europeu i del Consell, de 27 d&#8217;abril de 2016, relatiu a la protecci\u00f3 de les persones f\u00edsiques pel que fa al tractament de dades personals i la lliure circulaci\u00f3 d&#8217;aquestes dades (d&#8217;ara endavant, el \u201cRGPD\u201d), i la normativa Llei org\u00e0nica 3\/2018, de 5 de desembre, de protecci\u00f3 de dades personals i garantia dels drets digitals (d&#8217;ara endavant, el \u201cLOPDGDD\u201d).<\/p>\n<p>Aix\u00ed mateix, El Responsable informa que dona compliment a la Llei 34\/2002 d&#8217;11 de juliol, de Serveis de la Societat de la Informaci\u00f3 i el Comer\u00e7 Electr\u00f2nic i us sol\u00b7licitar\u00e0 el consentiment al tractament de les vostres dades amb fins comercials en cada moment.<\/p>\n<h3><strong>Propietat intel\u00b7lectual i industrial<\/strong><\/h3>\n<p>El lloc web, incloent-hi a t\u00edtol enunciatiu per\u00f2 no limitatiu la seva programaci\u00f3, edici\u00f3, compilaci\u00f3 i altres elements necessaris per al seu funcionament, els dissenys, logotips, text i\/o gr\u00e0fics s\u00f3n propietat del Responsable o si escau disposa de llic\u00e8ncia o autoritzaci\u00f3 expressa per part dels autors.<\/p>\n<p>Tots els continguts del lloc web estan degudament protegits per la normativa de propietat intel\u00b7lectual i industrial.<\/p>\n<p>Independentment de la finalitat per a la qual fossin destinats, la reproducci\u00f3 total o parcial, \u00fas, explotaci\u00f3, distribuci\u00f3 i comercialitzaci\u00f3 requereix en tot cas l&#8217;autoritzaci\u00f3 escrita pr\u00e8via per part del Responsable. Qualsevol \u00fas no autoritzat pr\u00e8viament per part del responsable ser\u00e0 considerat un incompliment greu dels drets de propietat intel\u00b7lectual o industrial de l&#8217;autor.<\/p>\n<p>Els dissenys, logotips, text i\/o gr\u00e0fics aliens al prestador i que poguessin apar\u00e8ixer al lloc web, pertanyen als seus respectius propietaris, sent ells mateixos responsables de qualsevol possible controv\u00e8rsia que pogu\u00e9s suscitar-se respecte a aquests. En tot cas, El Responsable compta amb l&#8217;autoritzaci\u00f3 expressa i pr\u00e8via per part dels mateixos.<\/p>\n<p>El Responsable autoritza expressament que tercers puguin redirigir directament als continguts concrets del lloc web, i en tot cas ha de redirigir a la p\u00e0gina principal del lloc web del Responsable.<\/p>\n<p>El Responsable reconeix a favor dels seus titulars els corresponents drets de propietat intel\u00b7lectual i industrial, no implicant la seva sola menci\u00f3 o aparici\u00f3 al lloc web l&#8217;exist\u00e8ncia de drets o responsabilitat del Responsable sobre aquests, com tampoc el suport, patrocini o recomanaci\u00f3 per la seva part.<\/p>\n<p>Per a totes aquelles imatges en qu\u00e8 el programari de disseny ho permet, s&#8217;han incl\u00f2s les refer\u00e8ncies corresponents a l&#8217;autoria i la llic\u00e8ncia corresponent.<\/p>\n<p>Per realitzar qualsevol tipus d&#8217;observaci\u00f3 respecte a possibles incompliments dels drets de propietat intel\u00b7lectual o industrial, aix\u00ed com sobre qualsevol dels continguts del lloc web, podeu fer-ho per escrit o correu electr\u00f2nic indicat a l&#8217;encap\u00e7alament.<\/p>\n<h3>SSL<\/h3>\n<p>El Responsable ha contractat per al seu lloc web un certificat SSL (\u201c Secure Sockets Layer \u201d).<\/p>\n<p>Un certificat SSL permet protegir tota la informaci\u00f3 personal i confidencial que es pugui manejar en un lloc web, independentment de la informaci\u00f3 que s&#8217;estigui transmetent, com ara des de qualsevol dels formularis de contacte del lloc web fins al servidor, o les dades introdu\u00efts per a la subscripci\u00f3 de butlletins de not\u00edcies o accessos a les \u00e0rees protegides, etc.<\/p>\n<p>L&#8217;adre\u00e7a del lloc web apareixer\u00e0 en color verd, activant-se el protocol \u201c https \u201d que permet connexions segures des d&#8217;un servidor web al navegador de l&#8217;usuari.<\/p>","protected":false},"excerpt":{"rendered":"Titular de la web En compliment amb el deure informaci\u00f3 recollit a l&#8217;article 10 de la Llei 34\/2002, d&#8217;11 de juliol, de Serveis de la Societat de la Informaci\u00f3 i del Comer\u00e7 Electr\u00f2nic, a continuaci\u00f3&#8230; <a class=\"view-article\" href=\"https:\/\/roibos.casa\/ca\/legal\/\">Veure article<\/a>","protected":false},"author":1,"featured_media":0,"parent":0,"menu_order":0,"comment_status":"closed","ping_status":"closed","template":"template-legales.php","meta":{"_acf_changed":false,"footnotes":""},"class_list":["post-21","page","type-page","status-publish","hentry"],"acf":[],"yoast_head":"<!-- This site is optimized with the Yoast SEO plugin v24.2 - https:\/\/yoast.com\/wordpress\/plugins\/seo\/ -->\n<title>Av\u00eds legal | Roibos<\/title>\n<meta name=\"robots\" content=\"index, follow, max-snippet:-1, max-image-preview:large, max-video-preview:-1\" \/>\n<link rel=\"canonical\" href=\"https:\/\/roibos.casa\/ca\/legal\/\" \/>\n<script type=\"application\/ld+json\" class=\"yoast-schema-graph\">{\"@context\":\"https:\/\/schema.org\",\"@graph\":[{\"@type\":\"WebPage\",\"@id\":\"https:\/\/roibos.casa\/ca\/legal\/\",\"url\":\"https:\/\/roibos.casa\/ca\/legal\/\",\"name\":\"Av\u00eds legal | Roibos\",\"isPartOf\":{\"@id\":\"https:\/\/roibos.casa\/ca\/#website\"},\"datePublished\":\"2017-05-24T16:48:34+00:00\",\"dateModified\":\"2025-02-21T13:24:29+00:00\",\"breadcrumb\":{\"@id\":\"https:\/\/roibos.casa\/ca\/legal\/#breadcrumb\"},\"inLanguage\":\"ca\",\"potentialAction\":[{\"@type\":\"ReadAction\",\"target\":[[\"https:\/\/roibos.casa\/ca\/legal\/\"]]}]},{\"@type\":\"BreadcrumbList\",\"@id\":\"https:\/\/roibos.casa\/ca\/legal\/#breadcrumb\",\"itemListElement\":[{\"@type\":\"ListItem\",\"position\":1,\"name\":\"Portada\",\"item\":\"https:\/\/roibos.casa\/ca\/\"},{\"@type\":\"ListItem\",\"position\":2,\"name\":\"Aviso legal\"}]},{\"@type\":\"WebSite\",\"@id\":\"https:\/\/roibos.casa\/ca\/#website\",\"url\":\"https:\/\/roibos.casa\/ca\/\",\"name\":\"Roibos\",\"description\":\"Cases somiades\",\"publisher\":{\"@id\":\"https:\/\/roibos.casa\/ca\/#organization\"},\"potentialAction\":[{\"@type\":\"SearchAction\",\"target\":{\"@type\":\"EntryPoint\",\"urlTemplate\":\"https:\/\/roibos.casa\/ca\/?s={search_term_string}\"},\"query-input\":{\"@type\":\"PropertyValueSpecification\",\"valueRequired\":true,\"valueName\":\"search_term_string\"}}],\"inLanguage\":\"ca\"},{\"@type\":\"Organization\",\"@id\":\"https:\/\/roibos.casa\/ca\/#organization\",\"name\":\"Roibos\",\"url\":\"https:\/\/roibos.casa\/ca\/\",\"logo\":{\"@type\":\"ImageObject\",\"inLanguage\":\"ca\",\"@id\":\"https:\/\/roibos.casa\/ca\/#\/schema\/logo\/image\/\",\"url\":\"https:\/\/roibos.casa\/wp-content\/uploads\/2023\/06\/roibos.png\",\"contentUrl\":\"https:\/\/roibos.casa\/wp-content\/uploads\/2023\/06\/roibos.png\",\"width\":696,\"height\":696,\"caption\":\"Roibos\"},\"image\":{\"@id\":\"https:\/\/roibos.casa\/ca\/#\/schema\/logo\/image\/\"}}]}<\/script>\n<!-- \/ Yoast SEO plugin. -->","yoast_head_json":{"title":"Av\u00eds legal | Roibos","robots":{"index":"index","follow":"follow","max-snippet":"max-snippet:-1","max-image-preview":"max-image-preview:large","max-video-preview":"max-video-preview:-1"},"canonical":"https:\/\/roibos.casa\/ca\/legal\/","schema":{"@context":"https:\/\/schema.org","@graph":[{"@type":"WebPage","@id":"https:\/\/roibos.casa\/ca\/legal\/","url":"https:\/\/roibos.casa\/ca\/legal\/","name":"Av\u00eds legal | Roibos","isPartOf":{"@id":"https:\/\/roibos.casa\/ca\/#website"},"datePublished":"2017-05-24T16:48:34+00:00","dateModified":"2025-02-21T13:24:29+00:00","breadcrumb":{"@id":"https:\/\/roibos.casa\/ca\/legal\/#breadcrumb"},"inLanguage":"ca","potentialAction":[{"@type":"ReadAction","target":[["https:\/\/roibos.casa\/ca\/legal\/"]]}]},{"@type":"BreadcrumbList","@id":"https:\/\/roibos.casa\/ca\/legal\/#breadcrumb","itemListElement":[{"@type":"ListItem","position":1,"name":"Portada","item":"https:\/\/roibos.casa\/ca\/"},{"@type":"ListItem","position":2,"name":"Aviso legal"}]},{"@type":"WebSite","@id":"https:\/\/roibos.casa\/ca\/#website","url":"https:\/\/roibos.casa\/ca\/","name":"Roibos","description":"Cases somiades","publisher":{"@id":"https:\/\/roibos.casa\/ca\/#organization"},"potentialAction":[{"@type":"SearchAction","target":{"@type":"EntryPoint","urlTemplate":"https:\/\/roibos.casa\/ca\/?s={search_term_string}"},"query-input":{"@type":"PropertyValueSpecification","valueRequired":true,"valueName":"search_term_string"}}],"inLanguage":"ca"},{"@type":"Organization","@id":"https:\/\/roibos.casa\/ca\/#organization","name":"Roibos","url":"https:\/\/roibos.casa\/ca\/","logo":{"@type":"ImageObject","inLanguage":"ca","@id":"https:\/\/roibos.casa\/ca\/#\/schema\/logo\/image\/","url":"https:\/\/roibos.casa\/wp-content\/uploads\/2023\/06\/roibos.png","contentUrl":"https:\/\/roibos.casa\/wp-content\/uploads\/2023\/06\/roibos.png","width":696,"height":696,"caption":"Roibos"},"image":{"@id":"https:\/\/roibos.casa\/ca\/#\/schema\/logo\/image\/"}}]}},"_links":{"self":[{"href":"https:\/\/roibos.casa\/ca\/wp-json\/wp\/v2\/pages\/21","targetHints":{"allow":["GET"]}}],"collection":[{"href":"https:\/\/roibos.casa\/ca\/wp-json\/wp\/v2\/pages"}],"about":[{"href":"https:\/\/roibos.casa\/ca\/wp-json\/wp\/v2\/types\/page"}],"author":[{"embeddable":true,"href":"https:\/\/roibos.casa\/ca\/wp-json\/wp\/v2\/users\/1"}],"replies":[{"embeddable":true,"href":"https:\/\/roibos.casa\/ca\/wp-json\/wp\/v2\/comments?post=21"}],"version-history":[{"count":0,"href":"https:\/\/roibos.casa\/ca\/wp-json\/wp\/v2\/pages\/21\/revisions"}],"wp:attachment":[{"href":"https:\/\/roibos.casa\/ca\/wp-json\/wp\/v2\/media?parent=21"}],"curies":[{"name":"wp","href":"https:\/\/api.w.org\/{rel}","templated":true}]}}