{"id":1540,"date":"2023-02-22T10:05:38","date_gmt":"2023-02-22T09:05:38","guid":{"rendered":"https:\/\/roibos.casa\/?page_id=1540"},"modified":"2025-01-27T13:31:18","modified_gmt":"2025-01-27T11:31:18","slug":"politica-de-privacidad","status":"publish","type":"page","link":"https:\/\/roibos.casa\/ca\/politica-de-privacidad\/","title":{"rendered":"Pol\u00edtica de privacitat"},"content":{"rendered":"<p>ARKENGINT, SL, informa als usuaris del lloc web sobre la seva pol\u00edtica respecte al tractament i protecci\u00f3 de les dades de car\u00e0cter personal dels usuaris i clients.<\/p>\n<p>Y garanteix en tot moment l&#8217;\u00edntegre i ple compliment de les obligacions dispostes per la normativa de protecci\u00f3 de dades i serveis de la societat de la informaci\u00f3: Reglament (UE) 2016\/679 del Parlament Europeo i del Consell, de 27 d&#8217;abril de 2016, relatiu a la protecci\u00f3 de les persones f\u00edsiques en el que respecta el tractament de dades personals i la lliure circulaci\u00f3 d&#8217;aquestes dades (RGPD), la normativa Llei Org\u00e0nica 3\/2018, de 5 de desembre, de Protecci\u00f3 de Dades Personals i Garantia de els drets digitals (LOPDGDD) i la Llei 34\/2002, d&#8217;11 de juliol, de Serveis de la Societat de la Informaci\u00f3 i del Comer\u00e7 Electr\u00f2nic ( LSSIce ).<\/p>\n<h3>Responsable del tractament<\/h3>\n<p>ARKENGINT SL<br \/>\nC.I.F.:\u00a0B66941972<br \/>\nDomicili:\u00a0C\/ ROSSELL\u00d3 19, 5-4 , BARCELONA 08029<br \/>\nInscrita en el Registre Mercantil de Barcelona Tom 498142, folio 181, full 45761<br \/>\nTel\u00e8fon:\u00a0938324298<br \/>\nCorreu electr\u00f2nic:\u00a0\u00a0<a href=\"mailto:admin@roibos.casa\">admin@roibos.casa<\/a><\/p>\n<h3>Finalitats del tractament de les dades<\/h3>\n<p>Les dades facilitades per l&#8217;usuari s\u00f3n utilitzats amb diverses finalitats que s&#8217;enumeren a continuaci\u00f3 n:<\/p>\n<p><strong>Finalitat del tractament: <\/strong><br \/>\nGestionar les consultes plantades a trav\u00e9s del formulari de consulta<br \/>\n<strong>Base jur\u00eddica per al tractament:<br \/>\n<\/strong>Inter\u00e9s leg\u00edtim de la Societat per atendre els requeriments d&#8217;informaci\u00f3 a trav\u00e9s de la web.<br \/>\nConsentiment prestat de forma expressa en el moment de reconeixement de les dades a trav\u00e9s dels formularis web.<\/p>\n<p><strong>Finalitat del tractament:<br \/>\n<\/strong>Enviament de butlletins, comunicacions comercials i promocions.<br \/>\n<strong>Base jur\u00eddica per al tractament:<br \/>\n<\/strong>Consentiment prestat de forma expressa en el moment de reconeixement de les dades a trav\u00e9s dels formularis web.<\/p>\n<p><strong>Finalitat del tractament:<br \/>\n<\/strong>Enviament de comunicacions comercials a trav\u00e9s d&#8217;eines de missatgeria instant\u00e0nia com Whatsapp.<br \/>\n<strong>Base jur\u00eddica per al tractament:<br \/>\n<\/strong>Consentiment prestat de forma expressa en el moment de reconeixement de les dades a trav\u00e9s dels formularis web.<\/p>\n<p><strong>Finalitat del tractament:<br \/>\n<\/strong>Gestionar les incid\u00e8ncies i el manteniment de la web.<br \/>\n<strong>Base jur\u00eddica per al tractament:<br \/>\n<\/strong>Inter\u00e9s leg\u00edtimo de la Sociedad.<\/p>\n<h3>Pla\u00e7a de conservaci\u00f3 de les dades<\/h3>\n<p><strong>Finalitat del tractament:<br \/>\n<\/strong>Gestionar les consultes plantades a trav\u00e9s del formulari de consulta<br \/>\n<strong>Base jur\u00eddica per al tractament:<br \/>\n<\/strong>Trataremos les vostres dades durant el temps que sigui necessari per atendre la vostra sol\u2022licitud o petici\u00f3.<\/p>\n<p><strong>Finalitat del tractament:<br \/>\n<\/strong>Enviament de butlletins , comunicacions comercials i promocions.<br \/>\n<strong>Base jur\u00eddica per al tractament:<br \/>\n<\/strong>Trataremos les vostres dades fins que us des de baixa.<\/p>\n<p><strong>Finalitat del tractament:<br \/>\n<\/strong>Enviament de comunicacions comercials a trav\u00e9s d&#8217;eines de missatgeria instant\u00e0nia com Whatsapp .<br \/>\n<strong>Base jur\u00eddica per al tractament:<br \/>\n<\/strong>Tratarem els teus dades fins que et des de baixa.<\/p>\n<p><strong>Finalitat del tractament:<br \/>\n<\/strong>Gestionar les incid\u00e8ncies i el manteniment de la web.<br \/>\n<strong>Base jur\u00eddica per al tractament:<br \/>\n<\/strong>Tractarem les seves dades durant el temps necessari per complir els terminis legals de prescripci\u00f3 que el resultat de l&#8217;aplicaci\u00f3.<\/p>\n<h3>Destinataris de les dades<\/h3>\n<p>Per complir les finalitats indicades a la present Pol\u00edtica de Privacitat, \u00e9s necessari que demos accedir a les vostres dades personals a terceres parts que ens presten suport als serveis que us oferim (Encarats de Tractament).<\/p>\n<p>Els responsables de tractament per a l&#8217;execuci\u00f3 d&#8217;un contracte o prestaci\u00f3 d&#8217;un servei al Responsable, seguint les instruccions en tot moment i assegurant els mateixos nivells de seguretat.<\/p>\n<h3>Drets dels usuaris<\/h3>\n<p>L&#8217;usuari t\u00e9 dret a:<\/p>\n<ul>\n<li>Sol\u2022licita l&#8217;acc\u00e9s a les seves dades personals que estan tractant i rebre dicha informaci\u00f3 per escrit pel mig sol\u2022licitat.<\/li>\n<li>Sol\u2022licitar la rectificaci\u00f3 de les dades personals inexactes o, en el seu cas, sol\u2022licitar la seva supressi\u00f3 quan, entre altres motius, les dades ja no han estat necessaris per a la finalitat dels que van ser reconeguts.<\/li>\n<li>Sol\u2022licitar la limitaci\u00f3 del tractament de les seves dades.<\/li>\n<li>Oposar-se al tractament de les seves dades personals quan procedi, en el cas que es deixaran de tractar les seves dades salvo per motius leg\u00edtims.<\/li>\n<li>Dret a la portabilitat de les seves dades personals quan el tractament estigui basat en un consentiment i s&#8217;efectu\u00ef pels mitjans automatitzats. els dades es lliuraran de forma estructurada, \u00fas com\u00fa i lectura mec\u00e0nica.<\/li>\n<li>Dret a retirar el consentiment prestat.<\/li>\n<li>Dret a reclamar davant l&#8217;ag\u00e8ncia espanyola de protecci\u00f3 de dades.<\/li>\n<\/ul>\n<p>L&#8217;usuari pot exercir els drets anteriorment indicats a la direcci\u00f3 de correu postal o electr\u00f2nica del Responsable, acreditant la seva identitat amb una c\u00f2pia escaneada del seu DNI o document equivalent, i especificant el dret que vol ejercer<\/p>\n<h3>Proced\u00e8ncia de les dades<\/h3>\n<p>Els dades personals seran facilitats pel propi interessat de forma absolutament volunt\u00e0ria. La cura de facilitar determinats dades o preguntes que pudieran formularse en els processos de registre o en els diferents formularis electr\u00f2nics que es presenten a l&#8217;usuari, pot provocar la impossibilitat d&#8217;accedir a determinats serveis per a la prestaci\u00f3 \u00e9s imprescindible disposar de les dades de car\u00e0cter personal. , en el cas El Responsable informar\u00e0 del car\u00e0cter obligatori i\/o necessari de facilitar els dades personals per al funcionament del servei.<\/p>\n<p>El Responsable li assegura la confidencialitat de les seves dades personals i li garanteix la seguretat dels mateixos, adoptant les mesures necess\u00e0ries per evitar la seva alteraci\u00f3, p\u00e8rdua, tractament o acc\u00e9s no autoritzat.<\/p>\n<h3>Informaci\u00f3 facilitada per l&#8217;usuari<\/h3>\n<p>Els i les menors de 18 anys no poden cedir els seus dades personals sense el consentiment previ del seu pare\/madre i\/o tutors legals.<\/p>\n<p>Els usuaris, introduint les seves dades en els formularis de contacte o presentats en formularis de desc\u00e0rrega, acceptar expressament i de forma lliure i inequ\u00edvoca, que les seves dades s\u00f3n necessaris per atendre la seva petici\u00f3, per part del Responsable, sent volunt\u00e0ria la inclusi\u00f3 de dades en els camps restants.<\/p>\n<p>L&#8217;usuari garanteix les dades personals facilitades i es fa responsable de comunicar qualsevol modificaci\u00f3 dels mateixos.<\/p>\n<p>Tots els dades sol\u2022licitats a trav\u00e9s del lloc web s\u00f3n necessaris per a la prestaci\u00f3 d&#8217;un servei \u00f2ptim a l&#8217;usuari. En el cas de que no se&#8217;n faciliti totes les dades, no es garanteix la informaci\u00f3 i els serveis que El Responsable li faciliti, s&#8217;ajusta completament a les seves necessitats.<\/p>\n<h3>Medides de seguretat<\/h3>\n<p>Que de conformitat amb el disposat a les normatives vigents en mat\u00e8ria de protecci\u00f3 de dades personals, El Responsable est\u00e0 complint amb totes les disposicions de les normatives RGPD i LOPDGDD per al tractament de les dades personals de la seva responsabilitat, els quals s\u00f3n tractats. de manera l\u00edcita, leal i transparent en relaci\u00f3 amb el interessat i adequats, pertinents i limitats al necessari en relaci\u00f3 amb els fines per als que son tractats.<\/p>\n<p>El Responsable garanteix que ha implementat pol\u00edtiques t\u00e8cniques i organitzatives apropiades per aplicar les mesures de seguretat que estableixen el RGPD i la LOPDGDD amb la finalitat de protegir els drets i les llibertats dels usuaris i els ha comunicat la informaci\u00f3 adequada per poder exercir-los.<\/p>\n<h3>Brechas de seguridad<\/h3>\n<p>El Responsable informar\u00e0 sobre qualsevol bretxa de seguretat que afecti a la base de dades que utilitzi aquest lloc web, o que afecti a qualsevol dels nostres serveis de tercers, a totes i a cada una de les persones, dades dels quals puguin haver-hi. ha estat afectada, i les autoritats, dins de les 72 hores seg\u00fcents a la detecci\u00f3 de la bretxa.<\/p>\n<h3>Legislaci\u00f3 aplicable i jurisdicci\u00f3<\/h3>\n<p>Per a la resoluci\u00f3 de totes les controv\u00e8rsies o q\u00fcestions relacionades amb el present lloc web o de les activitats en ell desenvolupades, ser\u00e0 de l&#8217;aplicaci\u00f3 de la legislaci\u00f3 espanyola, a la que algunes vegades expressament les parts, sent competents per a la resoluci\u00f3 de tots. els conflictes derivats o relacionats amb el seu \u00fas els Juzgados y Tribunales de Barcelona.<\/p>","protected":false},"excerpt":{"rendered":"ARKENGINT, SL, informa als usuaris del lloc web sobre la seva pol\u00edtica respecte al tractament i protecci\u00f3 de les dades de car\u00e0cter personal dels usuaris i clients. Y garanteix en tot moment l&#8217;\u00edntegre i ple&#8230; <a class=\"view-article\" href=\"https:\/\/roibos.casa\/ca\/politica-de-privacidad\/\">Veure article<\/a>","protected":false},"author":1,"featured_media":0,"parent":0,"menu_order":0,"comment_status":"closed","ping_status":"closed","template":"template-legales.php","meta":{"_acf_changed":false,"footnotes":""},"class_list":["post-1540","page","type-page","status-publish","hentry"],"acf":[],"yoast_head":"<!-- This site is optimized with the Yoast SEO plugin v24.2 - https:\/\/yoast.com\/wordpress\/plugins\/seo\/ -->\n<title>Pol\u00edtica de privacitat | Roibos<\/title>\n<meta name=\"robots\" content=\"index, follow, max-snippet:-1, max-image-preview:large, max-video-preview:-1\" \/>\n<link rel=\"canonical\" href=\"https:\/\/roibos.casa\/ca\/politica-de-privacidad\/\" \/>\n<script type=\"application\/ld+json\" class=\"yoast-schema-graph\">{\"@context\":\"https:\/\/schema.org\",\"@graph\":[{\"@type\":\"WebPage\",\"@id\":\"https:\/\/roibos.casa\/ca\/politica-de-privacidad\/\",\"url\":\"https:\/\/roibos.casa\/ca\/politica-de-privacidad\/\",\"name\":\"Pol\u00edtica de privacitat | Roibos\",\"isPartOf\":{\"@id\":\"https:\/\/roibos.casa\/ca\/#website\"},\"datePublished\":\"2023-02-22T09:05:38+00:00\",\"dateModified\":\"2025-01-27T11:31:18+00:00\",\"breadcrumb\":{\"@id\":\"https:\/\/roibos.casa\/ca\/politica-de-privacidad\/#breadcrumb\"},\"inLanguage\":\"ca\",\"potentialAction\":[{\"@type\":\"ReadAction\",\"target\":[[\"https:\/\/roibos.casa\/ca\/politica-de-privacidad\/\"]]}]},{\"@type\":\"BreadcrumbList\",\"@id\":\"https:\/\/roibos.casa\/ca\/politica-de-privacidad\/#breadcrumb\",\"itemListElement\":[{\"@type\":\"ListItem\",\"position\":1,\"name\":\"Portada\",\"item\":\"https:\/\/roibos.casa\/ca\/\"},{\"@type\":\"ListItem\",\"position\":2,\"name\":\"Pol\u00edtica de privacidad\"}]},{\"@type\":\"WebSite\",\"@id\":\"https:\/\/roibos.casa\/ca\/#website\",\"url\":\"https:\/\/roibos.casa\/ca\/\",\"name\":\"Roibos\",\"description\":\"Cases somiades\",\"publisher\":{\"@id\":\"https:\/\/roibos.casa\/ca\/#organization\"},\"potentialAction\":[{\"@type\":\"SearchAction\",\"target\":{\"@type\":\"EntryPoint\",\"urlTemplate\":\"https:\/\/roibos.casa\/ca\/?s={search_term_string}\"},\"query-input\":{\"@type\":\"PropertyValueSpecification\",\"valueRequired\":true,\"valueName\":\"search_term_string\"}}],\"inLanguage\":\"ca\"},{\"@type\":\"Organization\",\"@id\":\"https:\/\/roibos.casa\/ca\/#organization\",\"name\":\"Roibos\",\"url\":\"https:\/\/roibos.casa\/ca\/\",\"logo\":{\"@type\":\"ImageObject\",\"inLanguage\":\"ca\",\"@id\":\"https:\/\/roibos.casa\/ca\/#\/schema\/logo\/image\/\",\"url\":\"https:\/\/roibos.casa\/wp-content\/uploads\/2023\/06\/roibos.png\",\"contentUrl\":\"https:\/\/roibos.casa\/wp-content\/uploads\/2023\/06\/roibos.png\",\"width\":696,\"height\":696,\"caption\":\"Roibos\"},\"image\":{\"@id\":\"https:\/\/roibos.casa\/ca\/#\/schema\/logo\/image\/\"}}]}<\/script>\n<!-- \/ Yoast SEO plugin. -->","yoast_head_json":{"title":"Pol\u00edtica de privacitat | Roibos","robots":{"index":"index","follow":"follow","max-snippet":"max-snippet:-1","max-image-preview":"max-image-preview:large","max-video-preview":"max-video-preview:-1"},"canonical":"https:\/\/roibos.casa\/ca\/politica-de-privacidad\/","schema":{"@context":"https:\/\/schema.org","@graph":[{"@type":"WebPage","@id":"https:\/\/roibos.casa\/ca\/politica-de-privacidad\/","url":"https:\/\/roibos.casa\/ca\/politica-de-privacidad\/","name":"Pol\u00edtica de privacitat | Roibos","isPartOf":{"@id":"https:\/\/roibos.casa\/ca\/#website"},"datePublished":"2023-02-22T09:05:38+00:00","dateModified":"2025-01-27T11:31:18+00:00","breadcrumb":{"@id":"https:\/\/roibos.casa\/ca\/politica-de-privacidad\/#breadcrumb"},"inLanguage":"ca","potentialAction":[{"@type":"ReadAction","target":[["https:\/\/roibos.casa\/ca\/politica-de-privacidad\/"]]}]},{"@type":"BreadcrumbList","@id":"https:\/\/roibos.casa\/ca\/politica-de-privacidad\/#breadcrumb","itemListElement":[{"@type":"ListItem","position":1,"name":"Portada","item":"https:\/\/roibos.casa\/ca\/"},{"@type":"ListItem","position":2,"name":"Pol\u00edtica de privacidad"}]},{"@type":"WebSite","@id":"https:\/\/roibos.casa\/ca\/#website","url":"https:\/\/roibos.casa\/ca\/","name":"Roibos","description":"Cases somiades","publisher":{"@id":"https:\/\/roibos.casa\/ca\/#organization"},"potentialAction":[{"@type":"SearchAction","target":{"@type":"EntryPoint","urlTemplate":"https:\/\/roibos.casa\/ca\/?s={search_term_string}"},"query-input":{"@type":"PropertyValueSpecification","valueRequired":true,"valueName":"search_term_string"}}],"inLanguage":"ca"},{"@type":"Organization","@id":"https:\/\/roibos.casa\/ca\/#organization","name":"Roibos","url":"https:\/\/roibos.casa\/ca\/","logo":{"@type":"ImageObject","inLanguage":"ca","@id":"https:\/\/roibos.casa\/ca\/#\/schema\/logo\/image\/","url":"https:\/\/roibos.casa\/wp-content\/uploads\/2023\/06\/roibos.png","contentUrl":"https:\/\/roibos.casa\/wp-content\/uploads\/2023\/06\/roibos.png","width":696,"height":696,"caption":"Roibos"},"image":{"@id":"https:\/\/roibos.casa\/ca\/#\/schema\/logo\/image\/"}}]}},"_links":{"self":[{"href":"https:\/\/roibos.casa\/ca\/wp-json\/wp\/v2\/pages\/1540","targetHints":{"allow":["GET"]}}],"collection":[{"href":"https:\/\/roibos.casa\/ca\/wp-json\/wp\/v2\/pages"}],"about":[{"href":"https:\/\/roibos.casa\/ca\/wp-json\/wp\/v2\/types\/page"}],"author":[{"embeddable":true,"href":"https:\/\/roibos.casa\/ca\/wp-json\/wp\/v2\/users\/1"}],"replies":[{"embeddable":true,"href":"https:\/\/roibos.casa\/ca\/wp-json\/wp\/v2\/comments?post=1540"}],"version-history":[{"count":0,"href":"https:\/\/roibos.casa\/ca\/wp-json\/wp\/v2\/pages\/1540\/revisions"}],"wp:attachment":[{"href":"https:\/\/roibos.casa\/ca\/wp-json\/wp\/v2\/media?parent=1540"}],"curies":[{"name":"wp","href":"https:\/\/api.w.org\/{rel}","templated":true}]}}