{"id":1538,"date":"2023-02-22T10:03:56","date_gmt":"2023-02-22T09:03:56","guid":{"rendered":"https:\/\/roibos.casa\/?page_id=1538"},"modified":"2025-01-27T13:30:08","modified_gmt":"2025-01-27T11:30:08","slug":"politica-de-cookies","status":"publish","type":"page","link":"https:\/\/roibos.casa\/ca\/politica-de-cookies\/","title":{"rendered":"Pol\u00edtica de cookies"},"content":{"rendered":"<p>A la nostra p\u00e0gina web, utilitzem cookies per millorar la seva experi\u00e8ncia d&#8217;usuari i per personalitzar el contingut i la publicitat que es mostra a la nostra p\u00e0gina web. En particular, utilitzem galetes de Google Analytics per recopilar informaci\u00f3 sobre com utilitza la nostra p\u00e0gina web.<\/p>\n<h3>Qu\u00e8 s\u00f3n les galetes?<\/h3>\n<p>Una galeta \u00e9s un fitxer que es descarrega al vostre ordinador en accedir a determinades p\u00e0gines web. Les galetes permeten a una p\u00e0gina web, entre altres coses, emmagatzemar i recuperar informaci\u00f3 sobre els h\u00e0bits de navegaci\u00f3 d&#8217;un usuari o del seu equip i, depenent de la informaci\u00f3 que continguin i de la manera com utilitzi el seu equip, es poden utilitzar per recon\u00e8ixer a l&#8217;usuari.<\/p>\n<h3>Quins tipus de galetes utilitza aquesta p\u00e0gina web?<\/h3>\n<p><strong>Cookies d&#8217;an\u00e0lisi:<\/strong> S\u00f3n aquelles que ben tractades per nosaltres o per tercers, ens permeten quantificar el nombre d&#8217;usuaris i aix\u00ed realitzar el mesurament i l&#8217;an\u00e0lisi estad\u00edstica de la utilitzaci\u00f3 que fan els usuaris del servei ofert. Per aix\u00f2 s&#8217;analitza la vostra navegaci\u00f3 a la nostra p\u00e0gina web per tal de millorar l&#8217;oferta de productes o serveis que us oferim.<\/p>\n<p><strong>Galetes t\u00e8cniques:<\/strong> S\u00f3n aquelles que permeten a l&#8217;usuari la navegaci\u00f3 a trav\u00e9s de l&#8217;\u00e0rea restringida i la utilitzaci\u00f3 de les diferents funcions, com, per exemple, portar a canvi el proc\u00e9s de compra d&#8217;un article.<\/p>\n<p><strong>Galetes de personalitzaci\u00f3:<\/strong> S\u00f3n aquelles que permeten a l&#8217;usuari accedir al servei amb algunes caracter\u00edstiques de car\u00e0cter general predefinides en funci\u00f3 d&#8217;una s\u00e8rie de criteris al terminal de l&#8217;usuari com ara serien l&#8217;idioma o el tipus de navegador a trav\u00e9s del qual es connecta al servei.<\/p>\n<h3>Desactivar les cookies<\/h3>\n<p>Podeu permetre, bloquejar o eliminar les cookies instal\u00b7lades al vostre equip mitjan\u00e7ant la configuraci\u00f3 de les opcions del navegador instal\u00b7lat al vostre ordinador.<\/p>\n<p>A la majoria dels navegadors web s&#8217;ofereix la possibilitat de permetre, bloquejar o eliminar les cookies instal\u00b7lades al vostre equip.<\/p>\n<h3>Galetes de tercers<\/h3>\n<p>Aquesta p\u00e0gina web utilitza serveis de tercers per recopilar informaci\u00f3 amb finalitats estad\u00edstiques i d&#8217;\u00fas del web. En concret, fem servir els serveis de Google Analytics per a les nostres estad\u00edstiques.<\/p>\n<h3>Advertiment sobre eliminar cookies<\/h3>\n<p>Vost\u00e8 pot eliminar i bloquejar totes les galetes d&#8217;aquest lloc, per\u00f2 part del lloc no funcionar\u00e0 o la qualitat de la p\u00e0gina web es pot veure afectada.<\/p>\n<p>Si teniu qualsevol dubte sobre la nostra pol\u00edtica de cookies, podeu contactar amb aquesta p\u00e0gina web a trav\u00e9s dels nostres canals de contacte.<\/p>","protected":false},"excerpt":{"rendered":"A la nostra p\u00e0gina web, utilitzem cookies per millorar la seva experi\u00e8ncia d&#8217;usuari i per personalitzar el contingut i la publicitat que es mostra a la nostra p\u00e0gina web. En particular, utilitzem galetes de Google&#8230; <a class=\"view-article\" href=\"https:\/\/roibos.casa\/ca\/politica-de-cookies\/\">Veure article<\/a>","protected":false},"author":1,"featured_media":0,"parent":0,"menu_order":0,"comment_status":"closed","ping_status":"closed","template":"template-legales.php","meta":{"_acf_changed":false,"footnotes":""},"class_list":["post-1538","page","type-page","status-publish","hentry"],"acf":[],"yoast_head":"<!-- This site is optimized with the Yoast SEO plugin v24.2 - https:\/\/yoast.com\/wordpress\/plugins\/seo\/ -->\n<title>Pol\u00edtica de cookies | Roibos<\/title>\n<meta name=\"robots\" content=\"index, follow, max-snippet:-1, max-image-preview:large, max-video-preview:-1\" \/>\n<link rel=\"canonical\" href=\"https:\/\/roibos.casa\/ca\/politica-de-cookies\/\" \/>\n<script type=\"application\/ld+json\" class=\"yoast-schema-graph\">{\"@context\":\"https:\/\/schema.org\",\"@graph\":[{\"@type\":\"WebPage\",\"@id\":\"https:\/\/roibos.casa\/ca\/politica-de-cookies\/\",\"url\":\"https:\/\/roibos.casa\/ca\/politica-de-cookies\/\",\"name\":\"Pol\u00edtica de cookies | Roibos\",\"isPartOf\":{\"@id\":\"https:\/\/roibos.casa\/ca\/#website\"},\"datePublished\":\"2023-02-22T09:03:56+00:00\",\"dateModified\":\"2025-01-27T11:30:08+00:00\",\"breadcrumb\":{\"@id\":\"https:\/\/roibos.casa\/ca\/politica-de-cookies\/#breadcrumb\"},\"inLanguage\":\"ca\",\"potentialAction\":[{\"@type\":\"ReadAction\",\"target\":[[\"https:\/\/roibos.casa\/ca\/politica-de-cookies\/\"]]}]},{\"@type\":\"BreadcrumbList\",\"@id\":\"https:\/\/roibos.casa\/ca\/politica-de-cookies\/#breadcrumb\",\"itemListElement\":[{\"@type\":\"ListItem\",\"position\":1,\"name\":\"Portada\",\"item\":\"https:\/\/roibos.casa\/ca\/\"},{\"@type\":\"ListItem\",\"position\":2,\"name\":\"Pol\u00edtica de cookies\"}]},{\"@type\":\"WebSite\",\"@id\":\"https:\/\/roibos.casa\/ca\/#website\",\"url\":\"https:\/\/roibos.casa\/ca\/\",\"name\":\"Roibos\",\"description\":\"Cases somiades\",\"publisher\":{\"@id\":\"https:\/\/roibos.casa\/ca\/#organization\"},\"potentialAction\":[{\"@type\":\"SearchAction\",\"target\":{\"@type\":\"EntryPoint\",\"urlTemplate\":\"https:\/\/roibos.casa\/ca\/?s={search_term_string}\"},\"query-input\":{\"@type\":\"PropertyValueSpecification\",\"valueRequired\":true,\"valueName\":\"search_term_string\"}}],\"inLanguage\":\"ca\"},{\"@type\":\"Organization\",\"@id\":\"https:\/\/roibos.casa\/ca\/#organization\",\"name\":\"Roibos\",\"url\":\"https:\/\/roibos.casa\/ca\/\",\"logo\":{\"@type\":\"ImageObject\",\"inLanguage\":\"ca\",\"@id\":\"https:\/\/roibos.casa\/ca\/#\/schema\/logo\/image\/\",\"url\":\"https:\/\/roibos.casa\/wp-content\/uploads\/2023\/06\/roibos.png\",\"contentUrl\":\"https:\/\/roibos.casa\/wp-content\/uploads\/2023\/06\/roibos.png\",\"width\":696,\"height\":696,\"caption\":\"Roibos\"},\"image\":{\"@id\":\"https:\/\/roibos.casa\/ca\/#\/schema\/logo\/image\/\"}}]}<\/script>\n<!-- \/ Yoast SEO plugin. -->","yoast_head_json":{"title":"Pol\u00edtica de cookies | Roibos","robots":{"index":"index","follow":"follow","max-snippet":"max-snippet:-1","max-image-preview":"max-image-preview:large","max-video-preview":"max-video-preview:-1"},"canonical":"https:\/\/roibos.casa\/ca\/politica-de-cookies\/","schema":{"@context":"https:\/\/schema.org","@graph":[{"@type":"WebPage","@id":"https:\/\/roibos.casa\/ca\/politica-de-cookies\/","url":"https:\/\/roibos.casa\/ca\/politica-de-cookies\/","name":"Pol\u00edtica de cookies | Roibos","isPartOf":{"@id":"https:\/\/roibos.casa\/ca\/#website"},"datePublished":"2023-02-22T09:03:56+00:00","dateModified":"2025-01-27T11:30:08+00:00","breadcrumb":{"@id":"https:\/\/roibos.casa\/ca\/politica-de-cookies\/#breadcrumb"},"inLanguage":"ca","potentialAction":[{"@type":"ReadAction","target":[["https:\/\/roibos.casa\/ca\/politica-de-cookies\/"]]}]},{"@type":"BreadcrumbList","@id":"https:\/\/roibos.casa\/ca\/politica-de-cookies\/#breadcrumb","itemListElement":[{"@type":"ListItem","position":1,"name":"Portada","item":"https:\/\/roibos.casa\/ca\/"},{"@type":"ListItem","position":2,"name":"Pol\u00edtica de cookies"}]},{"@type":"WebSite","@id":"https:\/\/roibos.casa\/ca\/#website","url":"https:\/\/roibos.casa\/ca\/","name":"Roibos","description":"Cases somiades","publisher":{"@id":"https:\/\/roibos.casa\/ca\/#organization"},"potentialAction":[{"@type":"SearchAction","target":{"@type":"EntryPoint","urlTemplate":"https:\/\/roibos.casa\/ca\/?s={search_term_string}"},"query-input":{"@type":"PropertyValueSpecification","valueRequired":true,"valueName":"search_term_string"}}],"inLanguage":"ca"},{"@type":"Organization","@id":"https:\/\/roibos.casa\/ca\/#organization","name":"Roibos","url":"https:\/\/roibos.casa\/ca\/","logo":{"@type":"ImageObject","inLanguage":"ca","@id":"https:\/\/roibos.casa\/ca\/#\/schema\/logo\/image\/","url":"https:\/\/roibos.casa\/wp-content\/uploads\/2023\/06\/roibos.png","contentUrl":"https:\/\/roibos.casa\/wp-content\/uploads\/2023\/06\/roibos.png","width":696,"height":696,"caption":"Roibos"},"image":{"@id":"https:\/\/roibos.casa\/ca\/#\/schema\/logo\/image\/"}}]}},"_links":{"self":[{"href":"https:\/\/roibos.casa\/ca\/wp-json\/wp\/v2\/pages\/1538","targetHints":{"allow":["GET"]}}],"collection":[{"href":"https:\/\/roibos.casa\/ca\/wp-json\/wp\/v2\/pages"}],"about":[{"href":"https:\/\/roibos.casa\/ca\/wp-json\/wp\/v2\/types\/page"}],"author":[{"embeddable":true,"href":"https:\/\/roibos.casa\/ca\/wp-json\/wp\/v2\/users\/1"}],"replies":[{"embeddable":true,"href":"https:\/\/roibos.casa\/ca\/wp-json\/wp\/v2\/comments?post=1538"}],"version-history":[{"count":0,"href":"https:\/\/roibos.casa\/ca\/wp-json\/wp\/v2\/pages\/1538\/revisions"}],"wp:attachment":[{"href":"https:\/\/roibos.casa\/ca\/wp-json\/wp\/v2\/media?parent=1538"}],"curies":[{"name":"wp","href":"https:\/\/api.w.org\/{rel}","templated":true}]}}